{"id":12932,"date":"2020-05-13T14:47:38","date_gmt":"2020-05-13T14:47:38","guid":{"rendered":"http:\/\/gerhold.si\/?page_id=12932"},"modified":"2020-06-03T17:29:09","modified_gmt":"2020-06-03T17:29:09","slug":"stopnice","status":"publish","type":"page","link":"https:\/\/gerhold.si\/de\/stopnice\/","title":{"rendered":"Treppe"},"content":{"rendered":"<div class=\"vc_row wpb_row vc_row-fluid\"><div class=\"wpb_column vc_column_container vc_col-sm-12\"><div class=\"vc_column-inner\"><div class=\"wpb_wrapper\">\n\t<div class=\"wpb_text_column wpb_content_element\" >\n\t\t<div class=\"wpb_wrapper\">\n\t\t\t<p style=\"text-align: center;\">Jeder Treppe wird in k\u00fcrzester Zeit auf Bestellung ausgef\u00fchrt, was von der Belegung der Produktion abh\u00e4ngt.<\/p>\n<p style=\"text-align: center;\">F\u00fcr Treppen empfehlen wir Granit mit einer Dicke von 2 cm oder 3 cm.<\/p>\n<p style=\"text-align: center;\">Wenn Sie Treppen bestellen m\u00f6chten, k\u00f6nnen Sie uns die ungef\u00e4hren Abmessungen per E-Mail-Adresse senden. Abmessungen, und wir stellen das beste Angebot f\u00fcr Sie zusammen.<\/p>\n<p style=\"text-align: center;\">F\u00fcr die endg\u00fcltige Bestellung empfehlen wir Vorlagen im Ma\u00dfstab 1: 1<\/p>\n<p style=\"text-align: center;\">BESUCHEN SIE UNS, UM LIVE MATERIALIEN ZU SEHEN!<\/p>\n\n\t\t<\/div>\n\t<\/div>\n<div class=\"vc_separator wpb_content_element vc_separator_align_center vc_sep_width_50 vc_sep_pos_align_center vc_separator_no_text vc_sep_color_black\" ><span class=\"vc_sep_holder vc_sep_holder_l\"><span  class=\"vc_sep_line\"><\/span><\/span><span class=\"vc_sep_holder vc_sep_holder_r\"><span  class=\"vc_sep_line\"><\/span><\/span>\n<\/div><\/div><\/div><\/div><\/div><div class=\"vc_row wpb_row vc_row-fluid\"><div class=\"wpb_column vc_column_container vc_col-sm-12\"><div class=\"vc_column-inner\"><div class=\"wpb_wrapper\">\n<div class=\"vc_grid-container-wrapper vc_clearfix\">\n\t<div class=\"vc_grid-container vc_clearfix wpb_content_element vc_masonry_media_grid\" data-initial-loading-animation=\"zoomIn\" data-vc-grid-settings=\"{&quot;page_id&quot;:12932,&quot;style&quot;:&quot;lazy-masonry&quot;,&quot;action&quot;:&quot;vc_get_vc_grid_data&quot;,&quot;shortcode_id&quot;:&quot;1591205300029-4183e4b7-0be5-6&quot;,&quot;items_per_page&quot;:&quot;5&quot;,&quot;tag&quot;:&quot;vc_masonry_media_grid&quot;}\" data-vc-request=\"https:\/\/gerhold.si\/wp-admin\/admin-ajax.php\" data-vc-post-id=\"12932\" data-vc-public-nonce=\"af11c71896\">\n\t\t\n\t<\/div>\n<\/div><\/div><\/div><\/div><\/div>","protected":false},"excerpt":{"rendered":"Vsako stopnico, vam izdelamo po naro\u010dilu, v najkraj\u0161em mo\u017enem \u010dasu, ki je odvisen od zasedenosti proizvodnje. Za stopnice priporo\u010damo granit debeline 2bcm ali debeline 3 cm. V primeru, da se zanimate za naro\u010dilo stopnic, nam lahko preko e.po\u0161tnega naslova po\u0161ljete okvirne mere oz. dimenzije, in mi vam bomo sestavili najugodnej\u0161o ponudbo. Za kon\u010dno naro\u010dilo stopnic, pa predlagamo, da naredite \u0161ablone v merilu 1:1. OBI\u0160\u010cITE NAS IN SI OGLEJTE MATERIALE V \u017dIVO!","protected":false},"author":1,"featured_media":0,"parent":0,"menu_order":0,"comment_status":"closed","ping_status":"closed","template":"","meta":{"footnotes":""},"class_list":["post-12932","page","type-page","status-publish","hentry"],"_links":{"self":[{"href":"https:\/\/gerhold.si\/de\/wp-json\/wp\/v2\/pages\/12932","targetHints":{"allow":["GET"]}}],"collection":[{"href":"https:\/\/gerhold.si\/de\/wp-json\/wp\/v2\/pages"}],"about":[{"href":"https:\/\/gerhold.si\/de\/wp-json\/wp\/v2\/types\/page"}],"author":[{"embeddable":true,"href":"https:\/\/gerhold.si\/de\/wp-json\/wp\/v2\/users\/1"}],"replies":[{"embeddable":true,"href":"https:\/\/gerhold.si\/de\/wp-json\/wp\/v2\/comments?post=12932"}],"version-history":[{"count":7,"href":"https:\/\/gerhold.si\/de\/wp-json\/wp\/v2\/pages\/12932\/revisions"}],"predecessor-version":[{"id":12979,"href":"https:\/\/gerhold.si\/de\/wp-json\/wp\/v2\/pages\/12932\/revisions\/12979"}],"wp:attachment":[{"href":"https:\/\/gerhold.si\/de\/wp-json\/wp\/v2\/media?parent=12932"}],"curies":[{"name":"wp","href":"https:\/\/api.w.org\/{rel}","templated":true}]}}