{"id":12777,"date":"2020-05-06T19:20:55","date_gmt":"2020-05-06T19:20:55","guid":{"rendered":"http:\/\/gerhold.si\/?page_id=12777"},"modified":"2020-05-13T19:27:15","modified_gmt":"2020-05-13T19:27:15","slug":"nagrobni-spomeniki","status":"publish","type":"page","link":"https:\/\/gerhold.si\/de\/nagrobni-spomeniki\/","title":{"rendered":"Denkm\u00e4ler"},"content":{"rendered":"<div class=\"vc_row wpb_row vc_row-fluid\"><div class=\"wpb_column vc_column_container vc_col-sm-12\"><div class=\"vc_column-inner\"><div class=\"wpb_wrapper\">\n\t<div class=\"wpb_text_column wpb_content_element\" >\n\t\t<div class=\"wpb_wrapper\">\n\t\t\t<p style=\"text-align: center;\"><span style=\"font-weight: 400;\">Denkm\u00e4ler<\/span><span style=\"font-weight: 400;\"> aus Naturstein stellen die Ewigkeit dar, also lassen Sie uns ein Denkmal nach Ihren W\u00fcnschen errichten!<\/span><\/p>\n<p style=\"text-align: center;\"><span style=\"font-weight: 400;\">Nat\u00fcrliche Granitsteine \u200b\u200beignen sich am besten f\u00fcr die Herstellung von Denkm\u00e4lern. <\/span><\/p>\n\n\t\t<\/div>\n\t<\/div>\n<div class=\"vc_separator wpb_content_element vc_separator_align_center vc_sep_width_50 vc_sep_pos_align_center vc_separator_no_text vc_sep_color_black\" ><span class=\"vc_sep_holder vc_sep_holder_l\"><span  class=\"vc_sep_line\"><\/span><\/span><span class=\"vc_sep_holder vc_sep_holder_r\"><span  class=\"vc_sep_line\"><\/span><\/span>\n<\/div><\/div><\/div><\/div><\/div><div class=\"vc_row wpb_row vc_row-fluid\"><div class=\"wpb_column vc_column_container vc_col-sm-12\"><div class=\"vc_column-inner\"><div class=\"wpb_wrapper\">\n<div class=\"vc_grid-container-wrapper vc_clearfix\">\n\t<div class=\"vc_grid-container vc_clearfix wpb_content_element vc_media_grid\" data-initial-loading-animation=\"fadeIn\" data-vc-grid-settings=\"{&quot;page_id&quot;:12777,&quot;style&quot;:&quot;lazy&quot;,&quot;action&quot;:&quot;vc_get_vc_grid_data&quot;,&quot;shortcode_id&quot;:&quot;1589397807184-7af35069-cea4-2&quot;,&quot;items_per_page&quot;:&quot;4&quot;,&quot;tag&quot;:&quot;vc_media_grid&quot;}\" data-vc-request=\"https:\/\/gerhold.si\/wp-admin\/admin-ajax.php\" data-vc-post-id=\"12777\" data-vc-public-nonce=\"af11c71896\">\n\t\t\n\t<\/div>\n<\/div><\/div><\/div><\/div><\/div>","protected":false},"excerpt":{"rendered":"Nagrobni spomeniki iz naravnega kamna predstavljajo ve\u010dnost, zato vam naredimo spomenik po va\u0161ih \u017eeljah! Naravni kamni iz granita, so najbolj primerni za izdelavo spomenikov.","protected":false},"author":1,"featured_media":0,"parent":0,"menu_order":0,"comment_status":"closed","ping_status":"closed","template":"","meta":{"footnotes":""},"class_list":["post-12777","page","type-page","status-publish","hentry"],"_links":{"self":[{"href":"https:\/\/gerhold.si\/de\/wp-json\/wp\/v2\/pages\/12777","targetHints":{"allow":["GET"]}}],"collection":[{"href":"https:\/\/gerhold.si\/de\/wp-json\/wp\/v2\/pages"}],"about":[{"href":"https:\/\/gerhold.si\/de\/wp-json\/wp\/v2\/types\/page"}],"author":[{"embeddable":true,"href":"https:\/\/gerhold.si\/de\/wp-json\/wp\/v2\/users\/1"}],"replies":[{"embeddable":true,"href":"https:\/\/gerhold.si\/de\/wp-json\/wp\/v2\/comments?post=12777"}],"version-history":[{"count":7,"href":"https:\/\/gerhold.si\/de\/wp-json\/wp\/v2\/pages\/12777\/revisions"}],"predecessor-version":[{"id":12878,"href":"https:\/\/gerhold.si\/de\/wp-json\/wp\/v2\/pages\/12777\/revisions\/12878"}],"wp:attachment":[{"href":"https:\/\/gerhold.si\/de\/wp-json\/wp\/v2\/media?parent=12777"}],"curies":[{"name":"wp","href":"https:\/\/api.w.org\/{rel}","templated":true}]}}