{"id":12710,"date":"2020-05-06T17:27:26","date_gmt":"2020-05-06T17:27:26","guid":{"rendered":"http:\/\/gerhold.si\/?page_id=12710"},"modified":"2020-05-09T08:29:25","modified_gmt":"2020-05-09T08:29:25","slug":"tehnicni-marmor","status":"publish","type":"page","link":"https:\/\/gerhold.si\/de\/tehnicni-marmor\/","title":{"rendered":"Technischer Marmor"},"content":{"rendered":"<div class=\"vc_row wpb_row vc_row-fluid\"><div class=\"wpb_column vc_column_container vc_col-sm-12\"><div class=\"vc_column-inner\"><div class=\"wpb_wrapper\">\n\t<div class=\"wpb_text_column wpb_content_element\" >\n\t\t<div class=\"wpb_wrapper\">\n\t\t\t<p style=\"text-align: center;\">Technischer Marmor ist ein Industrieprodukt, das mit Hilfe von Kombinationen aus nat\u00fcrlichem Marmor hergestellt wird, die 95% der Masse und 5% synthetischen Polyesters als Bindemittel ausmachen und sich durch besondere physikalische und mechanische Eigenschaften auszeichnen.<\/p>\n<p style=\"text-align: center;\">Es wird am h\u00e4ufigsten f\u00fcr Boden- und Wandfl\u00e4chen im Innenbereich, Fensterb\u00e4nke im Innenbereich, Treppen und als Zubeh\u00f6r (K\u00fcchen- und Badarbeitsplatten) verwendet. Sein Vorteil ist die Garantie des Farbschattens auch bei gro\u00dfen Vorr\u00e4ten.<\/p>\n<p style=\"text-align: center;\">Der Bedarf und die Art der Wartung f\u00fcr technischen Marmor sind die gleichen wie f\u00fcr nat\u00fcrlichen Marmor, au\u00dfer dass nur neutrale Produkte verwendet werden sollten. Der Hauptfeind des technischen Marmors ist Schmutz. Da technischer Marmor sehr wenig Wasser aufnimmt, ist er sehr schmutzabweisend und eignet sich hervorragend zur Reinigung.<\/p>\n\n\t\t<\/div>\n\t<\/div>\n<div class=\"vc_separator wpb_content_element vc_separator_align_center vc_sep_width_50 vc_sep_pos_align_center vc_separator_no_text vc_sep_color_black\" ><span class=\"vc_sep_holder vc_sep_holder_l\"><span  class=\"vc_sep_line\"><\/span><\/span><span class=\"vc_sep_holder vc_sep_holder_r\"><span  class=\"vc_sep_line\"><\/span><\/span>\n<\/div><\/div><\/div><\/div><\/div><div class=\"vc_row wpb_row vc_row-fluid\"><div class=\"wpb_column vc_column_container vc_col-sm-6\"><div class=\"vc_column-inner\"><div class=\"wpb_wrapper\">\n\t<div  class=\"wpb_single_image wpb_content_element vc_align_center\">\n\t\t\n\t\t<figure class=\"wpb_wrapper vc_figure\">\n\t\t\t<div class=\"vc_single_image-wrapper   vc_box_border_grey\"><img loading=\"lazy\" decoding=\"async\" class=\"vc_single_image-img\" src=\"https:\/\/gerhold.si\/wp-content\/uploads\/2020\/05\/whitte-clifff.jpg\" width=\"500\" height=\"500\" alt=\"whitte clifff\" title=\"whitte clifff\" \/><\/div>\n\t\t<\/figure>\n\t<\/div>\n\n\t<div class=\"wpb_text_column wpb_content_element\" >\n\t\t<div class=\"wpb_wrapper\">\n\t\t\t<h4 style=\"text-align: center;\">WHITE CLIFF<\/h4>\n\n\t\t<\/div>\n\t<\/div>\n<\/div><\/div><\/div><div class=\"wpb_column vc_column_container vc_col-sm-6\"><div class=\"vc_column-inner\"><div class=\"wpb_wrapper\">\n\t<div  class=\"wpb_single_image wpb_content_element vc_align_center\">\n\t\t\n\t\t<figure class=\"wpb_wrapper vc_figure\">\n\t\t\t<div class=\"vc_single_image-wrapper   vc_box_border_grey\"><img loading=\"lazy\" decoding=\"async\" class=\"vc_single_image-img\" src=\"https:\/\/gerhold.si\/wp-content\/uploads\/2020\/05\/beige-cave.jpg\" width=\"500\" height=\"500\" alt=\"beige cave\" title=\"beige cave\" \/><\/div>\n\t\t<\/figure>\n\t<\/div>\n\n\t<div class=\"wpb_text_column wpb_content_element\" >\n\t\t<div class=\"wpb_wrapper\">\n\t\t\t<h4 style=\"text-align: center;\">BEIGE CAVE<\/h4>\n\n\t\t<\/div>\n\t<\/div>\n<\/div><\/div><\/div><\/div>","protected":false},"excerpt":{"rendered":"Tehni\u010dni marmor je industrijski proizvod, narejen s pomo\u010djo kombinacij naravnih marmorjev, ki predstavljajo 95% mase in 5% sinteti\u010dnega poliestra v funkciji veziva, ki ga odlikujejo posebne fizikalno- mehanske lastnosti. Najpogosteje se uporablja za notranje talne in stenske povr\u0161ine, notranje okenske police,stopnice in kot dopolnilna oprema (kuhinjski in kopalni\u0161ki pulti). Njegova prednost je garancija odtenka barve tudi pri velikih dobavah. Potreba in na\u010din vzdr\u017eevanja sta pri tehni\u010dnih marmorjih enaka kot pri naravnem marmorju, le da je potrebno uporabljati izklju\u010dno nevtralne proizvode. Glavni sovra\u017enik tehni\u010dnega marmorja je umazanija. Ker tehni\u010dni marmor vpija zelo malo vode, je zelo odporen proti made\u017eem in se [...]","protected":false},"author":1,"featured_media":0,"parent":0,"menu_order":0,"comment_status":"closed","ping_status":"open","template":"","meta":{"footnotes":""},"class_list":["post-12710","page","type-page","status-publish","hentry"],"_links":{"self":[{"href":"https:\/\/gerhold.si\/de\/wp-json\/wp\/v2\/pages\/12710","targetHints":{"allow":["GET"]}}],"collection":[{"href":"https:\/\/gerhold.si\/de\/wp-json\/wp\/v2\/pages"}],"about":[{"href":"https:\/\/gerhold.si\/de\/wp-json\/wp\/v2\/types\/page"}],"author":[{"embeddable":true,"href":"https:\/\/gerhold.si\/de\/wp-json\/wp\/v2\/users\/1"}],"replies":[{"embeddable":true,"href":"https:\/\/gerhold.si\/de\/wp-json\/wp\/v2\/comments?post=12710"}],"version-history":[{"count":4,"href":"https:\/\/gerhold.si\/de\/wp-json\/wp\/v2\/pages\/12710\/revisions"}],"predecessor-version":[{"id":12810,"href":"https:\/\/gerhold.si\/de\/wp-json\/wp\/v2\/pages\/12710\/revisions\/12810"}],"wp:attachment":[{"href":"https:\/\/gerhold.si\/de\/wp-json\/wp\/v2\/media?parent=12710"}],"curies":[{"name":"wp","href":"https:\/\/api.w.org\/{rel}","templated":true}]}}